{"id":483,"date":"2023-10-23T15:41:26","date_gmt":"2023-10-23T15:41:26","guid":{"rendered":"https:\/\/sanelewacje.pl\/?page_id=483"},"modified":"2023-11-14T20:51:57","modified_gmt":"2023-11-14T20:51:57","slug":"o-nas","status":"publish","type":"page","link":"https:\/\/sanelewacje.pl\/?page_id=483","title":{"rendered":"O nas"},"content":{"rendered":"\t\t<div data-elementor-type=\"wp-page\" data-elementor-id=\"483\" class=\"elementor elementor-483\" data-elementor-post-type=\"page\">\n\t\t\t\t\t\t\t<div class=\"elementor-element elementor-element-93f2e3f e-flex e-con-boxed e-con e-parent\" data-id=\"93f2e3f\" data-element_type=\"container\" data-settings=\"{&quot;background_background&quot;:&quot;classic&quot;,&quot;container_type&quot;:&quot;flex&quot;,&quot;content_width&quot;:&quot;boxed&quot;}\" data-core-v316-plus=\"true\">\n\t\t\t\t\t<div class=\"e-con-inner\">\n\t\t\t\t<div class=\"elementor-element elementor-element-182bb52 e-transform elementor-widget elementor-widget-heading\" data-id=\"182bb52\" data-element_type=\"widget\" data-settings=\"{&quot;_transform_translateY_effect&quot;:{&quot;unit&quot;:&quot;px&quot;,&quot;size&quot;:59,&quot;sizes&quot;:[]},&quot;_transform_translateX_effect&quot;:{&quot;unit&quot;:&quot;px&quot;,&quot;size&quot;:&quot;&quot;,&quot;sizes&quot;:[]},&quot;_transform_translateX_effect_tablet&quot;:{&quot;unit&quot;:&quot;px&quot;,&quot;size&quot;:&quot;&quot;,&quot;sizes&quot;:[]},&quot;_transform_translateX_effect_mobile&quot;:{&quot;unit&quot;:&quot;px&quot;,&quot;size&quot;:&quot;&quot;,&quot;sizes&quot;:[]},&quot;_transform_translateY_effect_tablet&quot;:{&quot;unit&quot;:&quot;px&quot;,&quot;size&quot;:&quot;&quot;,&quot;sizes&quot;:[]},&quot;_transform_translateY_effect_mobile&quot;:{&quot;unit&quot;:&quot;px&quot;,&quot;size&quot;:&quot;&quot;,&quot;sizes&quot;:[]}}\" data-widget_type=\"heading.default\">\n\t\t\t\t<div class=\"elementor-widget-container\">\n\t\t\t<style>\/*! elementor - v3.17.0 - 08-11-2023 *\/\n.elementor-heading-title{padding:0;margin:0;line-height:1}.elementor-widget-heading .elementor-heading-title[class*=elementor-size-]>a{color:inherit;font-size:inherit;line-height:inherit}.elementor-widget-heading .elementor-heading-title.elementor-size-small{font-size:15px}.elementor-widget-heading .elementor-heading-title.elementor-size-medium{font-size:19px}.elementor-widget-heading .elementor-heading-title.elementor-size-large{font-size:29px}.elementor-widget-heading .elementor-heading-title.elementor-size-xl{font-size:39px}.elementor-widget-heading .elementor-heading-title.elementor-size-xxl{font-size:59px}<\/style><h2 class=\"elementor-heading-title elementor-size-default\">O NAS<\/h2>\t\t<\/div>\n\t\t\t\t<\/div>\n\t\t\t\t\t<\/div>\n\t\t\t\t<\/div>\n\t\t<div class=\"elementor-element elementor-element-04a71fb e-con-full e-flex e-con e-parent\" data-id=\"04a71fb\" data-element_type=\"container\" data-settings=\"{&quot;content_width&quot;:&quot;full&quot;,&quot;container_type&quot;:&quot;flex&quot;}\" data-core-v316-plus=\"true\">\n\t\t\t\t<div class=\"elementor-element elementor-element-4c85446 elementor-widget__width-initial elementor-widget elementor-widget-text-editor\" data-id=\"4c85446\" data-element_type=\"widget\" data-widget_type=\"text-editor.default\">\n\t\t\t\t<div class=\"elementor-widget-container\">\n\t\t\t<style>\/*! elementor - v3.17.0 - 08-11-2023 *\/\n.elementor-widget-text-editor.elementor-drop-cap-view-stacked .elementor-drop-cap{background-color:#69727d;color:#fff}.elementor-widget-text-editor.elementor-drop-cap-view-framed .elementor-drop-cap{color:#69727d;border:3px solid;background-color:transparent}.elementor-widget-text-editor:not(.elementor-drop-cap-view-default) .elementor-drop-cap{margin-top:8px}.elementor-widget-text-editor:not(.elementor-drop-cap-view-default) .elementor-drop-cap-letter{width:1em;height:1em}.elementor-widget-text-editor .elementor-drop-cap{float:left;text-align:center;line-height:1;font-size:50px}.elementor-widget-text-editor .elementor-drop-cap-letter{display:inline-block}<\/style>\t\t\t\t<h2>Oferta firmy<\/h2><p>SAN Elewacje jest firm\u0105 specjalizuj\u0105c\u0105 si\u0119 w monta\u017cu elewacji w systemie wentylowanym.<br \/>Wykonujemy elewacje wentylowane z wyko\u0144czeniem z materia\u0142\u00f3w w\u0142\u00f3kno \u2013 cementowych, ceramicznych, blach oraz HPL.<br \/>Zapewniamy tak\u017ce Klientom doradztwo techniczne oraz dajemy gwarancj\u0119 wysokiej jako\u015bci prac.<\/p>\t\t\t\t\t\t<\/div>\n\t\t\t\t<\/div>\n\t\t\t\t<\/div>\n\t\t<div class=\"elementor-element elementor-element-56b1630 e-flex e-con-boxed e-con e-parent\" data-id=\"56b1630\" data-element_type=\"container\" data-settings=\"{&quot;background_background&quot;:&quot;classic&quot;,&quot;container_type&quot;:&quot;flex&quot;,&quot;content_width&quot;:&quot;boxed&quot;}\" data-core-v316-plus=\"true\">\n\t\t\t\t\t<div class=\"e-con-inner\">\n\t\t<div class=\"elementor-element elementor-element-831028b e-con-full e-flex e-con e-child\" data-id=\"831028b\" data-element_type=\"container\" data-settings=\"{&quot;content_width&quot;:&quot;full&quot;,&quot;container_type&quot;:&quot;flex&quot;}\">\n\t\t\t\t<div class=\"elementor-element elementor-element-3c502a5 elementor-widget elementor-widget-text-editor\" data-id=\"3c502a5\" data-element_type=\"widget\" data-widget_type=\"text-editor.default\">\n\t\t\t\t<div class=\"elementor-widget-container\">\n\t\t\t\t\t\t\t<div class=\"et_pb_column et_pb_column_1_2 et_pb_column_4  et_pb_css_mix_blend_mode_passthrough\"><div class=\"et_pb_module et_pb_text et_pb_text_1  et_pb_text_align_left et_pb_bg_layout_dark\"><div class=\"et_pb_text_inner\"><h2>Dlaczego warto zainwestowa\u0107 w elewacje wentylowane?<\/h2><p>Elewacje wentylowane\u00a0zdobywaj\u0105 w Polsce coraz wi\u0119ksz\u0105 popularno\u015b\u0107. Wynika to z tego, \u017ce w\u00a0dzisiejszych czasach, fasady budynk\u00f3w coraz cz\u0119\u015bciej musz\u0105 by\u0107 wyrafinowane i jednocze\u015bnie proste. Zewn\u0119trzna pow\u0142oka budynku powinna chroni\u0107 wn\u0119trze, zapobiega\u0107 ucieczce ciep\u0142a i zapewni\u0107 wymagan\u0105 szczelno\u015b\u0107. Jednocze\u015bnie fasada powinna spe\u0142nia\u0107 wymagania estetyczne\u00a0i przyczynia\u0107 si\u0119 do tego, \u017ceby obiekt dobrze wpisywa\u0142 si\u0119 w otaczaj\u0105ce go \u015brodowisko. Spe\u0142nienie tych r\u00f3\u017cnorakich i wielostronnych wymog\u00f3w jest naprawd\u0119 nie\u0142atwym zadaniem.\u00a0<\/p><\/div><\/div><\/div><div class=\"et_pb_column et_pb_column_1_2 et_pb_column_5  et_pb_css_mix_blend_mode_passthrough et-last-child\">\u00a0<\/div>\t\t\t\t\t\t<\/div>\n\t\t\t\t<\/div>\n\t\t\t\t<\/div>\n\t\t<div class=\"elementor-element elementor-element-efe2287 e-con-full e-flex e-con e-child\" data-id=\"efe2287\" data-element_type=\"container\" data-settings=\"{&quot;content_width&quot;:&quot;full&quot;,&quot;container_type&quot;:&quot;flex&quot;}\">\n\t\t\t\t<div class=\"elementor-element elementor-element-1a2ba5a elementor-widget__width-initial elementor-widget elementor-widget-image\" data-id=\"1a2ba5a\" data-element_type=\"widget\" data-widget_type=\"image.default\">\n\t\t\t\t<div class=\"elementor-widget-container\">\n\t\t\t<style>\/*! elementor - v3.17.0 - 08-11-2023 *\/\n.elementor-widget-image{text-align:center}.elementor-widget-image a{display:inline-block}.elementor-widget-image a img[src$=\".svg\"]{width:48px}.elementor-widget-image img{vertical-align:middle;display:inline-block}<\/style>\t\t\t\t\t\t\t\t\t\t\t\t<img decoding=\"async\" loading=\"lazy\" width=\"1278\" height=\"948\" src=\"https:\/\/sanelewacje.pl\/wp-content\/uploads\/2023\/10\/Zrzut-ekranu-2023-10-23-o-00.14.54.png\" class=\"attachment-full size-full wp-image-408\" alt=\"\" srcset=\"https:\/\/sanelewacje.pl\/wp-content\/uploads\/2023\/10\/Zrzut-ekranu-2023-10-23-o-00.14.54.png 1278w, https:\/\/sanelewacje.pl\/wp-content\/uploads\/2023\/10\/Zrzut-ekranu-2023-10-23-o-00.14.54-300x223.png 300w, https:\/\/sanelewacje.pl\/wp-content\/uploads\/2023\/10\/Zrzut-ekranu-2023-10-23-o-00.14.54-1024x760.png 1024w, https:\/\/sanelewacje.pl\/wp-content\/uploads\/2023\/10\/Zrzut-ekranu-2023-10-23-o-00.14.54-768x570.png 768w\" sizes=\"(max-width: 1278px) 100vw, 1278px\" \/>\t\t\t\t\t\t\t\t\t\t\t\t\t\t\t<\/div>\n\t\t\t\t<\/div>\n\t\t\t\t<\/div>\n\t\t<div class=\"elementor-element elementor-element-d517457 e-con-full e-flex e-con e-child\" data-id=\"d517457\" data-element_type=\"container\" data-settings=\"{&quot;content_width&quot;:&quot;full&quot;,&quot;container_type&quot;:&quot;flex&quot;}\">\n\t\t\t\t<div class=\"elementor-element elementor-element-35d9682 elementor-widget elementor-widget-text-editor\" data-id=\"35d9682\" data-element_type=\"widget\" data-widget_type=\"text-editor.default\">\n\t\t\t\t<div class=\"elementor-widget-container\">\n\t\t\t\t\t\t\t<p>A ka\u017cdy przecie\u017c chce aby jego dom zachwyca\u0142 swoim wygl\u0105dem nie tylko mieszka\u0144c\u00f3w ale r\u00f3wnie\u017c przechodni\u00f3w i innych obserwator\u00f3w. Wyb\u00f3r elewacji to wa\u017cna decyzja \u2013 rynek jest bardzo r\u00f3\u017cnorodny, stwarza wiele mo\u017cliwo\u015bci dotycz\u0105cych materia\u0142\u00f3w i kolor\u00f3w.\u00a0Wentylowany system elewacji zapewnia prostot\u0119 i szybko\u015b\u0107 projektowania, walory estetyczne oraz \u0142atwo\u015b\u0107 monta\u017cu. Jako alternatywa dla tradycyjnych elewacji lekko mokrych charakteryzuj\u0105 si\u0119 znaczn\u0105 oszcz\u0119dno\u015bci\u0105 energii oraz \u00a0wyeliminowaniem ryzyka p\u0119kania materia\u0142\u00f3w\u00a0elewacyjnych z powodu osadzania si\u0119 budynku. Poziom oszcz\u0119dno\u015bci energii wynosi oko\u0142o 40%. Zastosowanie systemu elewacji wentylowanych zapewnia doskona\u0142\u0105 ochron\u0119 \u015bciany g\u0142\u00f3wnej oraz barier\u0119 d\u017awi\u0119koszczeln\u0105,\u00a0zapobiegaj\u0105c przenikaniu ha\u0142asu z otoczenia do wn\u0119trza budynku.Poj\u0119cie elewacji wentylowanej w terminologii budowlanej odnosi si\u0119 do \u015bciany elewacyjnej, kt\u00f3ra opr\u00f3cz zewn\u0119trznej ochrony obiektu budowlanego i zapewnienia estetyki obiektu pe\u0142ni r\u00f3wnie\u017c funkcje klimatyzuj\u0105ce.Du\u017ca zalet\u0105 wentylowanych elewacji jest komfort termiczny jaki zapewniaj\u0105 one mieszka\u0144com.\u00a0Fasady wentylowane tworzy podkonstrukcja, warstwa izolacyjna \u015bciany oraz ok\u0142adzina zewn\u0119trzna. Istot\u0105 elewacji wentylowanej jest pustka wentylacyjna, zachowana mi\u0119dzy warstw\u0105 izolacyjna a ok\u0142adzin\u0105. Zapewnia to \u015bwietne utrzymanie ciep\u0142a zim\u0105 poniewa\u017c\u00a0system ok\u0142adzin wentylowanych dostosowany jest do ocieple\u0144 o grubo\u015bci zapewniaj\u0105cej osi\u0105gni\u0119cie wymaganych przepisami budowlanymi korzystnych parametr\u00f3w ochrony cieplnej. Dodatkowo\u00a0gwarantuje ona efekt ch\u0142odzenia latem. Przy wysokich temperaturach na zewn\u0105trz odbija promieniowanie s\u0142oneczne, a wentylowana przestrze\u0144 zapewnia efekt ch\u0142odzenia.<\/p>\t\t\t\t\t\t<\/div>\n\t\t\t\t<\/div>\n\t\t\t\t<\/div>\n\t\t\t\t\t<\/div>\n\t\t\t\t<\/div>\n\t\t<div class=\"elementor-element elementor-element-ae6d53d e-flex e-con-boxed e-con e-parent\" data-id=\"ae6d53d\" data-element_type=\"container\" data-settings=\"{&quot;container_type&quot;:&quot;flex&quot;,&quot;content_width&quot;:&quot;boxed&quot;}\" data-core-v316-plus=\"true\">\n\t\t\t\t\t<div class=\"e-con-inner\">\n\t\t<div class=\"elementor-element elementor-element-fbd1730 e-con-full e-flex e-con e-child\" data-id=\"fbd1730\" data-element_type=\"container\" data-settings=\"{&quot;content_width&quot;:&quot;full&quot;,&quot;container_type&quot;:&quot;flex&quot;}\">\n\t\t\t\t<div class=\"elementor-element elementor-element-29c6303 elementor-widget elementor-widget-image\" data-id=\"29c6303\" data-element_type=\"widget\" data-widget_type=\"image.default\">\n\t\t\t\t<div class=\"elementor-widget-container\">\n\t\t\t\t\t\t\t\t\t\t\t\t\t\t\t<img decoding=\"async\" loading=\"lazy\" width=\"800\" height=\"530\" src=\"https:\/\/sanelewacje.pl\/wp-content\/uploads\/2023\/10\/Zrzut-ekranu-2023-10-23-o-00.15.19-1024x678.png\" class=\"attachment-large size-large wp-image-410\" alt=\"\" srcset=\"https:\/\/sanelewacje.pl\/wp-content\/uploads\/2023\/10\/Zrzut-ekranu-2023-10-23-o-00.15.19-1024x678.png 1024w, https:\/\/sanelewacje.pl\/wp-content\/uploads\/2023\/10\/Zrzut-ekranu-2023-10-23-o-00.15.19-300x199.png 300w, https:\/\/sanelewacje.pl\/wp-content\/uploads\/2023\/10\/Zrzut-ekranu-2023-10-23-o-00.15.19-768x508.png 768w, https:\/\/sanelewacje.pl\/wp-content\/uploads\/2023\/10\/Zrzut-ekranu-2023-10-23-o-00.15.19-1536x1017.png 1536w, https:\/\/sanelewacje.pl\/wp-content\/uploads\/2023\/10\/Zrzut-ekranu-2023-10-23-o-00.15.19.png 1816w\" sizes=\"(max-width: 800px) 100vw, 800px\" \/>\t\t\t\t\t\t\t\t\t\t\t\t\t\t\t<\/div>\n\t\t\t\t<\/div>\n\t\t\t\t<\/div>\n\t\t<div class=\"elementor-element elementor-element-9083f18 e-con-full e-flex e-con e-child\" data-id=\"9083f18\" data-element_type=\"container\" data-settings=\"{&quot;content_width&quot;:&quot;full&quot;,&quot;container_type&quot;:&quot;flex&quot;}\">\n\t\t\t\t<div class=\"elementor-element elementor-element-a7e4bb0 elementor-widget elementor-widget-text-editor\" data-id=\"a7e4bb0\" data-element_type=\"widget\" data-widget_type=\"text-editor.default\">\n\t\t\t\t<div class=\"elementor-widget-container\">\n\t\t\t\t\t\t\t<h2>Jakie s\u0105 rodzaje elewacji wentylowanych?<\/h2><p>Wykonawca elewacji wentylowanych zawsze powinien mie\u0107 na uwadze r\u00f3\u017cne rodzaje elewacji i dobiera\u0107 je odpowiednio do budynku, na kt\u00f3rym je mocuje. Elementy te maj\u0105 okre\u015blone kszta\u0142ty, faktury, a tak\u017ce kolory. Ze wzgl\u0119du na materia\u0142, z kt\u00f3rego s\u0105 wykonane wyr\u00f3\u017cnia si\u0119: sidingi, penele, listwy, profile, a tak\u017ce oblic\u00f3wki i lic\u00f3wki. S\u0105 one wykonane z tworzyw lub metali. Oblic\u00f3wka i lic\u00f3wka r\u00f3wnie\u017c wykorzystywane s\u0105 jako okre\u015blenia element\u00f3w w\u0142\u00f3knocementowych, drewnianych, ceramicznych czy te\u017c kamiennych.<\/p>\t\t\t\t\t\t<\/div>\n\t\t\t\t<\/div>\n\t\t\t\t<\/div>\n\t\t<div class=\"elementor-element elementor-element-8d65ffc e-con-full e-flex e-con e-child\" data-id=\"8d65ffc\" data-element_type=\"container\" data-settings=\"{&quot;content_width&quot;:&quot;full&quot;,&quot;container_type&quot;:&quot;flex&quot;}\">\n\t\t\t\t<div class=\"elementor-element elementor-element-f88a6d8 elementor-widget elementor-widget-text-editor\" data-id=\"f88a6d8\" data-element_type=\"widget\" data-widget_type=\"text-editor.default\">\n\t\t\t\t<div class=\"elementor-widget-container\">\n\t\t\t\t\t\t\t<p>W monta\u017cu elewacji wentylowanych w technologiach suchych mo\u017cna zastosowa\u0107 trzy rozwi\u0105zania:<\/p><ul><li>niewentylowane \u2013 nadaj\u0105 si\u0119 do zamkni\u0119tego uk\u0142adu powietrza, a wi\u0119c w tych budynkach, w kt\u00f3rych nie umo\u017cliwiono cyrkulacji warstwom powietrza;<\/li><li>s\u0142abo wentylowane \u2013 stosuje si\u0119 je w budynkach, w kt\u00f3rych jest ograniczony przebieg wentylacji mi\u0119dzy otworami w elewacjach (w normie g\u00f3rnej \u2013 1500mm2, w normie dolnej \u2013 500mm2). Do cyrkulacji powietrza dochodzi, dzi\u0119ki ograniczonemu przep\u0142ywowi powietrza z zewn\u0119trz;<\/li><li>dobrze wentylowane \u2013 cyrkulacja powietrza jest bardzo dobra. Warto\u015bci p\u00f3l powierzchni dla tego typu otwor\u00f3w przekraczaj\u0105 w warstwie pionowej 1500mm2 na 1m ich d\u0142ugo\u015bci oraz 1500mm2 na 1m2 ich powierzchni.<\/li><\/ul>\t\t\t\t\t\t<\/div>\n\t\t\t\t<\/div>\n\t\t\t\t<\/div>\n\t\t\t\t\t<\/div>\n\t\t\t\t<\/div>\n\t\t<div class=\"elementor-element elementor-element-afe844d e-flex e-con-boxed e-con e-parent\" data-id=\"afe844d\" data-element_type=\"container\" data-settings=\"{&quot;background_background&quot;:&quot;classic&quot;,&quot;container_type&quot;:&quot;flex&quot;,&quot;content_width&quot;:&quot;boxed&quot;}\" data-core-v316-plus=\"true\">\n\t\t\t\t\t<div class=\"e-con-inner\">\n\t\t<div class=\"elementor-element elementor-element-a40b966 e-con-full e-flex e-con e-child\" data-id=\"a40b966\" data-element_type=\"container\" data-settings=\"{&quot;content_width&quot;:&quot;full&quot;,&quot;container_type&quot;:&quot;flex&quot;}\">\n\t\t\t\t<div class=\"elementor-element elementor-element-625532a elementor-widget elementor-widget-text-editor\" data-id=\"625532a\" data-element_type=\"widget\" data-widget_type=\"text-editor.default\">\n\t\t\t\t<div class=\"elementor-widget-container\">\n\t\t\t\t\t\t\t<h2>Jakimi materia\u0142ami mo\u017cna wyko\u0144czy\u0107 elewacje wentylowane?<\/h2><p>Istnieje wiele materia\u0142\u00f3w, kt\u00f3re mo\u017cna wybra\u0107 na wyko\u0144czenie elewacji wentylowanych. Monta\u017c ich powinien by\u0107 zawsze wykonany starannie, a sam dob\u00f3r materia\u0142u powinie spe\u0142nia\u0107 dwa podstawowe kryteria. Przede wszystkim powinien by\u0107 odpowiednio dobrany do budynku, bo dzi\u0119ki temu b\u0119dziemy mie\u0107 pewno\u015b\u0107 jego trwa\u0142o\u015bci. Poza tym powinien spe\u0142nia\u0107 nasze wymogi estetyczne, cho\u0107 oczywi\u015bcie jest to drugorz\u0119dne wzgl\u0119dem pierwszego kryterium. Materia\u0142y do wyka\u0144czania elewacji wentylowanych r\u00f3\u017cni\u0105 si\u0119 od siebie kszta\u0142tem, kolorem sposobem wyko\u0144czenia powierzchni, czy te\u017c grubo\u015bci\u0105.<\/p>\t\t\t\t\t\t<\/div>\n\t\t\t\t<\/div>\n\t\t\t\t<\/div>\n\t\t<div class=\"elementor-element elementor-element-5e3316a e-con-full e-flex e-con e-child\" data-id=\"5e3316a\" data-element_type=\"container\" data-settings=\"{&quot;content_width&quot;:&quot;full&quot;,&quot;container_type&quot;:&quot;flex&quot;}\">\n\t\t\t\t<div class=\"elementor-element elementor-element-2762f2f elementor-widget__width-initial elementor-widget-mobile__width-initial elementor-widget elementor-widget-image\" data-id=\"2762f2f\" data-element_type=\"widget\" data-widget_type=\"image.default\">\n\t\t\t\t<div class=\"elementor-widget-container\">\n\t\t\t\t\t\t\t\t\t\t\t\t\t\t\t<img decoding=\"async\" loading=\"lazy\" width=\"800\" height=\"591\" src=\"https:\/\/sanelewacje.pl\/wp-content\/uploads\/2023\/10\/Zrzut-ekranu-2023-10-23-o-00.15.06-1024x756.png\" class=\"attachment-large size-large wp-image-409\" alt=\"\" srcset=\"https:\/\/sanelewacje.pl\/wp-content\/uploads\/2023\/10\/Zrzut-ekranu-2023-10-23-o-00.15.06-1024x756.png 1024w, https:\/\/sanelewacje.pl\/wp-content\/uploads\/2023\/10\/Zrzut-ekranu-2023-10-23-o-00.15.06-300x222.png 300w, https:\/\/sanelewacje.pl\/wp-content\/uploads\/2023\/10\/Zrzut-ekranu-2023-10-23-o-00.15.06-768x567.png 768w, https:\/\/sanelewacje.pl\/wp-content\/uploads\/2023\/10\/Zrzut-ekranu-2023-10-23-o-00.15.06.png 1200w\" sizes=\"(max-width: 800px) 100vw, 800px\" \/>\t\t\t\t\t\t\t\t\t\t\t\t\t\t\t<\/div>\n\t\t\t\t<\/div>\n\t\t\t\t<\/div>\n\t\t<div class=\"elementor-element elementor-element-574fc15 e-con-full e-flex e-con e-child\" data-id=\"574fc15\" data-element_type=\"container\" data-settings=\"{&quot;content_width&quot;:&quot;full&quot;,&quot;container_type&quot;:&quot;flex&quot;}\">\n\t\t\t\t<div class=\"elementor-element elementor-element-1344c7c elementor-widget elementor-widget-text-editor\" data-id=\"1344c7c\" data-element_type=\"widget\" data-widget_type=\"text-editor.default\">\n\t\t\t\t<div class=\"elementor-widget-container\">\n\t\t\t\t\t\t\t<p>Mo\u017cna w\u015br\u00f3d nich wyr\u00f3\u017cni\u0107:<\/p><ul><li>metalowe panele elewacyjne \u2013 zwykle wykonuje si\u0119 je ze stali lub aluminium. Umo\u017cliwiaj\u0105 kreowanie nieprzeci\u0119tnego wygl\u0105du, dzi\u0119ki zastosowaniu powierzchni pionowych oraz poziomych.<\/li><li>laminaty HPL wytwarzane pod wysokim ci\u015bnieniem dekoracyjne p\u0142yty laminowane o zintegrowanej powierzchni, wytwarzane z pomoc\u0105 autorskiej technologii jej utwardzania wi\u0105zk\u0105 elektron\u00f3w (EBC). Mieszanina nawet do 70% w\u0142\u00f3kien naturalnych oraz \u017cywic termoutwardzalnych w wytwarzanym pod wysokim ci\u015bnieniem i w wysokiej temperaturze produkcie pozwala na uzyskanie p\u0142yt o du\u017cej g\u0119sto\u015bci i dobrym stosunku masy do wytrzyma\u0142o\u015bci.<\/li><li>p\u0142yty w\u0142\u00f3kno- cementowe \u2013 Mocne, wytrzyma\u0142e i naturalne p\u0142yty z ich autentycznym, naturalnym cementowym, szarym odcieniem. Za tym prostym, cho\u0107 subtelnym rozwi\u0105zaniem stoj\u0105 jednak bardzo istotne zalety. P\u0142yty w trakcie d\u0142ugotrwa\u0142ego u\u017cytkowania zachowuj\u0105 wszystkie parametry techniczne i wytrzyma\u0142o\u015bciowe. Pozostaj\u0105 odporne na trudne warunki atmosferyczne, dzia\u0142anie wody, grzyb\u00f3w, ple\u015bni itp. Jednocze\u015bnie nie trac\u0105 nic ze swojej naturalno\u015bci, co czyni je idealnym materia\u0142em we wsp\u00f3\u0142czesnym budownictwie.<\/li><li>kamie\u0144 naturalny \u2013 zwykle wykorzystuje si\u0119 piaskowiec, granit, sjenit, niekt\u00f3re odmiany wapieni. Najbardziej wytrzyma\u0142y jest granit i sjenit, a najmniej wapie\u0144. Kamie\u0144 polecany jest na coko\u0142y, obramowanie drzwi i okien oraz do dekoracji. Jego zaletom jest trwa\u0142o\u015b\u0107 i brak konieczno\u015bci wykonywania skomplikowanej konserwacji;<\/li><li>drewno \u2013 najbardziej wytrzyma\u0142e s\u0105 d\u0105b i modrzew, ale cz\u0119sto ze wzgl\u0119du na ich wysok\u0105 cen\u0119, zast\u0119puje si\u0119 je sosn\u0105 lub \u015bwierkiem. Najefektywniej prezentuje si\u0119 na domach z bali, bo w\u00f3wczas stanowi jednocze\u015bnie cz\u0119\u015b\u0107 konstrukcji. W przypadku dom\u00f3w wznoszonych w innych technologiach, drewno jest ok\u0142adzin\u0105 na ca\u0142ej lub cz\u0119\u015bci \u015bciany;<\/li><li>ceramika elewacyjna \u2013 wykorzystuje si\u0119 klinkier lub lic\u00f3wk\u0119. Bardziej odporny na uderzenia czy zarysowania jest klinkier, poniewa\u017c ma spiczaste wszystkie boki. Elewacje z materia\u0142\u00f3w ceramicznych mog\u0105 by\u0107 wykonywane ju\u017c w pierwszej fazie budowy.<\/li><\/ul>\t\t\t\t\t\t<\/div>\n\t\t\t\t<\/div>\n\t\t\t\t<\/div>\n\t\t\t\t\t<\/div>\n\t\t\t\t<\/div>\n\t\t\t\t\t\t\t<\/div>\n\t\t","protected":false},"excerpt":{"rendered":"<p>O NAS Oferta firmy SAN Elewacje jest firm\u0105 specjalizuj\u0105c\u0105 si\u0119 w monta\u017cu elewacji w systemie wentylowanym.Wykonujemy elewacje wentylowane z wyko\u0144czeniem z materia\u0142\u00f3w w\u0142\u00f3kno \u2013 cementowych, ceramicznych, blach oraz HPL.Zapewniamy tak\u017ce Klientom doradztwo techniczne oraz dajemy gwarancj\u0119 wysokiej jako\u015bci prac. Dlaczego warto zainwestowa\u0107 w elewacje wentylowane? Elewacje wentylowane\u00a0zdobywaj\u0105 w Polsce coraz wi\u0119ksz\u0105 popularno\u015b\u0107. Wynika to z [&hellip;]<\/p>\n","protected":false},"author":1,"featured_media":0,"parent":0,"menu_order":0,"comment_status":"closed","ping_status":"closed","template":"","meta":{"footnotes":""},"_links":{"self":[{"href":"https:\/\/sanelewacje.pl\/index.php?rest_route=\/wp\/v2\/pages\/483"}],"collection":[{"href":"https:\/\/sanelewacje.pl\/index.php?rest_route=\/wp\/v2\/pages"}],"about":[{"href":"https:\/\/sanelewacje.pl\/index.php?rest_route=\/wp\/v2\/types\/page"}],"author":[{"embeddable":true,"href":"https:\/\/sanelewacje.pl\/index.php?rest_route=\/wp\/v2\/users\/1"}],"replies":[{"embeddable":true,"href":"https:\/\/sanelewacje.pl\/index.php?rest_route=%2Fwp%2Fv2%2Fcomments&post=483"}],"version-history":[{"count":29,"href":"https:\/\/sanelewacje.pl\/index.php?rest_route=\/wp\/v2\/pages\/483\/revisions"}],"predecessor-version":[{"id":699,"href":"https:\/\/sanelewacje.pl\/index.php?rest_route=\/wp\/v2\/pages\/483\/revisions\/699"}],"wp:attachment":[{"href":"https:\/\/sanelewacje.pl\/index.php?rest_route=%2Fwp%2Fv2%2Fmedia&parent=483"}],"curies":[{"name":"wp","href":"https:\/\/api.w.org\/{rel}","templated":true}]}}